{"id":696989,"date":"2025-10-01T21:43:40","date_gmt":"2025-10-01T21:43:40","guid":{"rendered":"https:\/\/www.lingerieunderworld.com\/en\/uncategorized\/aubade-boite-a-desir-2-piece-python-set\/"},"modified":"2026-03-03T14:25:50","modified_gmt":"2026-03-03T14:25:50","slug":"aubade-boite-a-desir-2-piece-python-set","status":"publish","type":"product","link":"https:\/\/www.lingerieunderworld.com\/en\/seduction\/boites-a-desir\/aubade-boite-a-desir-2-piece-python-set\/","title":{"rendered":"Aubade Bo\u00eete \u00e0 D\u00e9sir 2 Piece Python Set"},"content":{"rendered":"","protected":false},"excerpt":{"rendered":"","protected":false},"featured_media":773772,"comment_status":"open","ping_status":"closed","template":"","meta":[],"product_brand":[404],"product_cat":[414,399,400,361],"product_tag":[],"class_list":{"0":"post-696989","1":"product","2":"type-product","3":"status-publish","4":"has-post-thumbnail","6":"product_brand-aubade","7":"product_cat-boites-a-desir","8":"product_cat-garter","9":"product_cat-garters","10":"product_cat-seduction","11":"pa_color-black","12":"pa_size-one-size","14":"first","15":"onbackorder","16":"taxable","17":"shipping-taxable","18":"purchasable","19":"product-type-variable","20":"has-default-attributes"},"_links":{"self":[{"href":"https:\/\/www.lingerieunderworld.com\/en\/wp-json\/wp\/v2\/product\/696989","targetHints":{"allow":["GET"]}}],"collection":[{"href":"https:\/\/www.lingerieunderworld.com\/en\/wp-json\/wp\/v2\/product"}],"about":[{"href":"https:\/\/www.lingerieunderworld.com\/en\/wp-json\/wp\/v2\/types\/product"}],"replies":[{"embeddable":true,"href":"https:\/\/www.lingerieunderworld.com\/en\/wp-json\/wp\/v2\/comments?post=696989"}],"version-history":[{"count":0,"href":"https:\/\/www.lingerieunderworld.com\/en\/wp-json\/wp\/v2\/product\/696989\/revisions"}],"wp:featuredmedia":[{"embeddable":true,"href":"https:\/\/www.lingerieunderworld.com\/en\/wp-json\/wp\/v2\/media\/773772"}],"wp:attachment":[{"href":"https:\/\/www.lingerieunderworld.com\/en\/wp-json\/wp\/v2\/media?parent=696989"}],"wp:term":[{"taxonomy":"product_brand","embeddable":true,"href":"https:\/\/www.lingerieunderworld.com\/en\/wp-json\/wp\/v2\/product_brand?post=696989"},{"taxonomy":"product_cat","embeddable":true,"href":"https:\/\/www.lingerieunderworld.com\/en\/wp-json\/wp\/v2\/product_cat?post=696989"},{"taxonomy":"product_tag","embeddable":true,"href":"https:\/\/www.lingerieunderworld.com\/en\/wp-json\/wp\/v2\/product_tag?post=696989"}],"curies":[{"name":"wp","href":"https:\/\/api.w.org\/{rel}","templated":true}]}}