{"id":705218,"date":"2025-10-02T02:30:49","date_gmt":"2025-10-02T02:30:49","guid":{"rendered":"https:\/\/www.lingerieunderworld.com\/en\/uncategorized\/simone-perele-comete-bikini-brief-discounted-colors\/"},"modified":"2026-05-15T20:50:33","modified_gmt":"2026-05-15T20:50:33","slug":"simone-perele-comete-bikini-brief-discounted-colors","status":"publish","type":"product","link":"https:\/\/www.lingerieunderworld.com\/en\/panties-shapewear\/briefs-panty\/simone-perele-comete-bikini-brief-discounted-colors\/","title":{"rendered":"Simone P\u00e9r\u00e8le Com\u00e8te Bikini Brief (Discounted Colors)"},"content":{"rendered":"<p><span style=\"font-weight: 400\">Elevate your lingerie collection with the Simone P&eacute;r&egrave;le Com&egrave;te Bikini Brief. This brief features a combination of lace and mesh for a stunning look. The front is crafted with lace, lined with cotton for added opacity and comfort. The intricate lace details add a graphic touch to the design. The back is made of smooth, opaque mesh with clean-cut finishes, ensuring a seamless and invisible fit.<\/span><\/p>\n","protected":false},"excerpt":{"rendered":"<p>Elevate your lingerie collection with the Simone P&eacute;r&egrave;le Com&egrave;te Bikini Brief. This brief features a combination of lace and mesh<\/p>\n","protected":false},"featured_media":800381,"comment_status":"closed","ping_status":"closed","template":"","meta":[],"product_brand":[375],"product_cat":[366,363,356],"product_tag":[],"class_list":{"0":"post-705218","1":"product","2":"type-product","3":"status-publish","4":"has-post-thumbnail","6":"product_brand-simone-perele","7":"product_cat-briefs-panty","8":"product_cat-panties-shapewear","9":"product_cat-promotions","10":"pa_color-midnight562","11":"pa_color-ruby361","12":"pa_size-l","13":"pa_size-m","14":"pa_size-s","15":"pa_size-xl","16":"pa_size-xxl","18":"first","19":"instock","20":"sale","21":"taxable","22":"shipping-taxable","23":"purchasable","24":"product-type-variable","25":"has-default-attributes"},"_links":{"self":[{"href":"https:\/\/www.lingerieunderworld.com\/en\/wp-json\/wp\/v2\/product\/705218","targetHints":{"allow":["GET"]}}],"collection":[{"href":"https:\/\/www.lingerieunderworld.com\/en\/wp-json\/wp\/v2\/product"}],"about":[{"href":"https:\/\/www.lingerieunderworld.com\/en\/wp-json\/wp\/v2\/types\/product"}],"replies":[{"embeddable":true,"href":"https:\/\/www.lingerieunderworld.com\/en\/wp-json\/wp\/v2\/comments?post=705218"}],"version-history":[{"count":3,"href":"https:\/\/www.lingerieunderworld.com\/en\/wp-json\/wp\/v2\/product\/705218\/revisions"}],"predecessor-version":[{"id":833094,"href":"https:\/\/www.lingerieunderworld.com\/en\/wp-json\/wp\/v2\/product\/705218\/revisions\/833094"}],"wp:featuredmedia":[{"embeddable":true,"href":"https:\/\/www.lingerieunderworld.com\/en\/wp-json\/wp\/v2\/media\/800381"}],"wp:attachment":[{"href":"https:\/\/www.lingerieunderworld.com\/en\/wp-json\/wp\/v2\/media?parent=705218"}],"wp:term":[{"taxonomy":"product_brand","embeddable":true,"href":"https:\/\/www.lingerieunderworld.com\/en\/wp-json\/wp\/v2\/product_brand?post=705218"},{"taxonomy":"product_cat","embeddable":true,"href":"https:\/\/www.lingerieunderworld.com\/en\/wp-json\/wp\/v2\/product_cat?post=705218"},{"taxonomy":"product_tag","embeddable":true,"href":"https:\/\/www.lingerieunderworld.com\/en\/wp-json\/wp\/v2\/product_tag?post=705218"}],"curies":[{"name":"wp","href":"https:\/\/api.w.org\/{rel}","templated":true}]}}