{"id":706424,"date":"2025-10-02T03:05:19","date_gmt":"2025-10-02T03:05:19","guid":{"rendered":"https:\/\/www.lingerieunderworld.com\/en\/uncategorized\/aubade-boite-a-desir-culotte-coquine\/"},"modified":"2026-02-28T00:37:43","modified_gmt":"2026-02-28T00:37:43","slug":"aubade-boite-a-desir-culotte-coquine","status":"publish","type":"product","link":"https:\/\/www.lingerieunderworld.com\/en\/seduction\/boites-a-desir\/aubade-boite-a-desir-culotte-coquine\/","title":{"rendered":"Aubade Bo\u00eete \u00e0 D\u00e9sir Culotte Coquine"},"content":{"rendered":"","protected":false},"excerpt":{"rendered":"","protected":false},"featured_media":775439,"comment_status":"open","ping_status":"closed","template":"","meta":[],"product_brand":[404],"product_cat":[414,361],"product_tag":[],"class_list":{"0":"post-706424","1":"product","2":"type-product","3":"status-publish","4":"has-post-thumbnail","6":"product_brand-aubade","7":"product_cat-boites-a-desir","8":"product_cat-seduction","9":"pa_color-black","10":"pa_size-one-size","12":"first","13":"instock","14":"taxable","15":"shipping-taxable","16":"purchasable","17":"product-type-variable","18":"has-default-attributes"},"_links":{"self":[{"href":"https:\/\/www.lingerieunderworld.com\/en\/wp-json\/wp\/v2\/product\/706424","targetHints":{"allow":["GET"]}}],"collection":[{"href":"https:\/\/www.lingerieunderworld.com\/en\/wp-json\/wp\/v2\/product"}],"about":[{"href":"https:\/\/www.lingerieunderworld.com\/en\/wp-json\/wp\/v2\/types\/product"}],"replies":[{"embeddable":true,"href":"https:\/\/www.lingerieunderworld.com\/en\/wp-json\/wp\/v2\/comments?post=706424"}],"version-history":[{"count":0,"href":"https:\/\/www.lingerieunderworld.com\/en\/wp-json\/wp\/v2\/product\/706424\/revisions"}],"wp:featuredmedia":[{"embeddable":true,"href":"https:\/\/www.lingerieunderworld.com\/en\/wp-json\/wp\/v2\/media\/775439"}],"wp:attachment":[{"href":"https:\/\/www.lingerieunderworld.com\/en\/wp-json\/wp\/v2\/media?parent=706424"}],"wp:term":[{"taxonomy":"product_brand","embeddable":true,"href":"https:\/\/www.lingerieunderworld.com\/en\/wp-json\/wp\/v2\/product_brand?post=706424"},{"taxonomy":"product_cat","embeddable":true,"href":"https:\/\/www.lingerieunderworld.com\/en\/wp-json\/wp\/v2\/product_cat?post=706424"},{"taxonomy":"product_tag","embeddable":true,"href":"https:\/\/www.lingerieunderworld.com\/en\/wp-json\/wp\/v2\/product_tag?post=706424"}],"curies":[{"name":"wp","href":"https:\/\/api.w.org\/{rel}","templated":true}]}}