{"id":728485,"date":"2025-10-02T16:06:04","date_gmt":"2025-10-02T16:06:04","guid":{"rendered":"https:\/\/www.lingerieunderworld.com\/en\/uncategorized\/aubade-boite-a-desir-hot-tension-2-pieces\/"},"modified":"2026-02-27T14:47:32","modified_gmt":"2026-02-27T14:47:32","slug":"aubade-boite-a-desir-hot-tension-2-pieces","status":"publish","type":"product","link":"https:\/\/www.lingerieunderworld.com\/en\/seduction\/boites-a-desir\/aubade-boite-a-desir-hot-tension-2-pieces\/","title":{"rendered":"Aubade Bo\u00eete \u00e0 D\u00e9sir Hot Tension (2 Pieces)"},"content":{"rendered":"","protected":false},"excerpt":{"rendered":"","protected":false},"featured_media":773600,"comment_status":"open","ping_status":"closed","template":"","meta":[],"product_brand":[404],"product_cat":[414],"product_tag":[],"class_list":{"0":"post-728485","1":"product","2":"type-product","3":"status-publish","4":"has-post-thumbnail","6":"product_brand-aubade","7":"product_cat-boites-a-desir","8":"pa_color-black","9":"pa_size-one-size","11":"first","12":"instock","13":"taxable","14":"shipping-taxable","15":"purchasable","16":"product-type-variable","17":"has-default-attributes"},"_links":{"self":[{"href":"https:\/\/www.lingerieunderworld.com\/en\/wp-json\/wp\/v2\/product\/728485","targetHints":{"allow":["GET"]}}],"collection":[{"href":"https:\/\/www.lingerieunderworld.com\/en\/wp-json\/wp\/v2\/product"}],"about":[{"href":"https:\/\/www.lingerieunderworld.com\/en\/wp-json\/wp\/v2\/types\/product"}],"replies":[{"embeddable":true,"href":"https:\/\/www.lingerieunderworld.com\/en\/wp-json\/wp\/v2\/comments?post=728485"}],"version-history":[{"count":1,"href":"https:\/\/www.lingerieunderworld.com\/en\/wp-json\/wp\/v2\/product\/728485\/revisions"}],"predecessor-version":[{"id":831581,"href":"https:\/\/www.lingerieunderworld.com\/en\/wp-json\/wp\/v2\/product\/728485\/revisions\/831581"}],"wp:featuredmedia":[{"embeddable":true,"href":"https:\/\/www.lingerieunderworld.com\/en\/wp-json\/wp\/v2\/media\/773600"}],"wp:attachment":[{"href":"https:\/\/www.lingerieunderworld.com\/en\/wp-json\/wp\/v2\/media?parent=728485"}],"wp:term":[{"taxonomy":"product_brand","embeddable":true,"href":"https:\/\/www.lingerieunderworld.com\/en\/wp-json\/wp\/v2\/product_brand?post=728485"},{"taxonomy":"product_cat","embeddable":true,"href":"https:\/\/www.lingerieunderworld.com\/en\/wp-json\/wp\/v2\/product_cat?post=728485"},{"taxonomy":"product_tag","embeddable":true,"href":"https:\/\/www.lingerieunderworld.com\/en\/wp-json\/wp\/v2\/product_tag?post=728485"}],"curies":[{"name":"wp","href":"https:\/\/api.w.org\/{rel}","templated":true}]}}