{"id":751526,"date":"2025-10-07T17:18:51","date_gmt":"2025-10-07T17:18:51","guid":{"rendered":"https:\/\/www.lingerieunderworld.com\/en\/uncategorized\/simone-perele-wish-guepiere-bustier\/"},"modified":"2026-04-24T15:36:29","modified_gmt":"2026-04-24T15:36:29","slug":"simone-perele-wish-guepiere-bustier","status":"publish","type":"product","link":"https:\/\/www.lingerieunderworld.com\/en\/seduction\/guepiere-bustier-seduction\/simone-perele-wish-guepiere-bustier\/","title":{"rendered":"Simone P\u00e9r\u00e8le Wish Gu\u00eapi\u00e8re\/Bustier"},"content":{"rendered":"<p><span id=\"docs-internal-guid-8473b468-7fff-f7ec-ccd7-72bf7addc7ed\"><span style=\"font-size: 11pt; font-family: Arial; background-color: #ffffff; vertical-align: baseline; white-space: pre-wrap;\">Sophisticated and Elegant Bustier in Floral Embroidery, Guipure and Satin Jacquard &#8211; Can be worn With or Without Straps, With or Without Garters<\/span><\/span><\/p>\n","protected":false},"excerpt":{"rendered":"<p>Sophisticated and Elegant Bustier in Floral Embroidery, Guipure and Satin Jacquard &#8211; Can be worn With or Without Straps, With<\/p>\n","protected":false},"featured_media":808304,"comment_status":"closed","ping_status":"closed","template":"","meta":[],"product_brand":[375],"product_cat":[20,360,362,356,361],"product_tag":[],"class_list":{"0":"post-751526","1":"product","2":"type-product","3":"status-publish","4":"has-post-thumbnail","6":"product_brand-simone-perele","7":"product_cat-accessories","8":"product_cat-guepiere-bustier","9":"product_cat-guepiere-bustier-seduction","10":"product_cat-promotions","11":"product_cat-seduction","12":"pa_band-size-950","13":"pa_band-size-951","14":"pa_band-size-952","15":"pa_band-size-953","16":"pa_color-black015","17":"pa_color-natural030","18":"pa_cup-size-b","19":"pa_cup-size-c","20":"pa_cup-size-d","22":"first","23":"instock","24":"sale","25":"taxable","26":"shipping-taxable","27":"purchasable","28":"product-type-variable","29":"has-default-attributes"},"_links":{"self":[{"href":"https:\/\/www.lingerieunderworld.com\/en\/wp-json\/wp\/v2\/product\/751526","targetHints":{"allow":["GET"]}}],"collection":[{"href":"https:\/\/www.lingerieunderworld.com\/en\/wp-json\/wp\/v2\/product"}],"about":[{"href":"https:\/\/www.lingerieunderworld.com\/en\/wp-json\/wp\/v2\/types\/product"}],"replies":[{"embeddable":true,"href":"https:\/\/www.lingerieunderworld.com\/en\/wp-json\/wp\/v2\/comments?post=751526"}],"version-history":[{"count":2,"href":"https:\/\/www.lingerieunderworld.com\/en\/wp-json\/wp\/v2\/product\/751526\/revisions"}],"predecessor-version":[{"id":836394,"href":"https:\/\/www.lingerieunderworld.com\/en\/wp-json\/wp\/v2\/product\/751526\/revisions\/836394"}],"wp:featuredmedia":[{"embeddable":true,"href":"https:\/\/www.lingerieunderworld.com\/en\/wp-json\/wp\/v2\/media\/808304"}],"wp:attachment":[{"href":"https:\/\/www.lingerieunderworld.com\/en\/wp-json\/wp\/v2\/media?parent=751526"}],"wp:term":[{"taxonomy":"product_brand","embeddable":true,"href":"https:\/\/www.lingerieunderworld.com\/en\/wp-json\/wp\/v2\/product_brand?post=751526"},{"taxonomy":"product_cat","embeddable":true,"href":"https:\/\/www.lingerieunderworld.com\/en\/wp-json\/wp\/v2\/product_cat?post=751526"},{"taxonomy":"product_tag","embeddable":true,"href":"https:\/\/www.lingerieunderworld.com\/en\/wp-json\/wp\/v2\/product_tag?post=751526"}],"curies":[{"name":"wp","href":"https:\/\/api.w.org\/{rel}","templated":true}]}}