{"id":765210,"date":"2025-10-07T19:51:58","date_gmt":"2025-10-07T19:51:58","guid":{"rendered":"https:\/\/www.lingerieunderworld.com\/en\/uncategorized\/simone-perele-delice-shorty\/"},"modified":"2026-05-13T20:24:15","modified_gmt":"2026-05-13T20:24:15","slug":"simone-perele-delice-shorty","status":"publish","type":"product","link":"https:\/\/www.lingerieunderworld.com\/en\/panties-shapewear\/shorty-hipster-brazilian\/simone-perele-delice-shorty\/","title":{"rendered":"Simone P\u00e9r\u00e8le D\u00e9lice Shorty"},"content":{"rendered":"<p><span style=\"font-weight: 400\">The Simone P&eacute;r&egrave;le D&eacute;lice Shorty is a stylish and comfortable piece crafted from a combination of embroidered fabric and mesh. The front of the shorty features a combination of mesh and embroidered fabric at the waist, creating a visually appealing design. The back is adorned with embroidered fabric and delicate festons, adding a touch of elegance to the curvature of the buttocks. The shorty is designed to be virtually invisible under clothing, providing a seamless look. Additionally, a triangle detail in opaque mesh with a guipure motif is positioned at the top of the back, adding an extra element of style.<\/span><\/p>\n","protected":false},"excerpt":{"rendered":"<p>The Simone P&eacute;r&egrave;le D&eacute;lice Shorty is a stylish and comfortable piece crafted from a combination of embroidered fabric and mesh.<\/p>\n","protected":false},"featured_media":831927,"comment_status":"closed","ping_status":"closed","template":"","meta":[],"product_brand":[375],"product_cat":[358,363,364],"product_tag":[433],"class_list":{"0":"post-765210","1":"product","2":"type-product","3":"status-publish","4":"has-post-thumbnail","6":"product_brand-simone-perele","7":"product_cat-new-arrivals","8":"product_cat-panties-shapewear","9":"product_cat-shorty-hipster-brazilian","10":"product_tag-pinned","11":"pa_color-beige-topaze054","12":"pa_color-blush383","13":"pa_color-moonlight017","14":"pa_color-nude709","15":"pa_color-pampa006","16":"pa_color-rose-fume469","17":"pa_color-white011","18":"pa_size-l","19":"pa_size-m","20":"pa_size-s","21":"pa_size-xl","22":"pa_size-xxl","24":"first","25":"instock","26":"taxable","27":"shipping-taxable","28":"purchasable","29":"product-type-variable","30":"has-default-attributes"},"_links":{"self":[{"href":"https:\/\/www.lingerieunderworld.com\/en\/wp-json\/wp\/v2\/product\/765210","targetHints":{"allow":["GET"]}}],"collection":[{"href":"https:\/\/www.lingerieunderworld.com\/en\/wp-json\/wp\/v2\/product"}],"about":[{"href":"https:\/\/www.lingerieunderworld.com\/en\/wp-json\/wp\/v2\/types\/product"}],"replies":[{"embeddable":true,"href":"https:\/\/www.lingerieunderworld.com\/en\/wp-json\/wp\/v2\/comments?post=765210"}],"version-history":[{"count":4,"href":"https:\/\/www.lingerieunderworld.com\/en\/wp-json\/wp\/v2\/product\/765210\/revisions"}],"predecessor-version":[{"id":832037,"href":"https:\/\/www.lingerieunderworld.com\/en\/wp-json\/wp\/v2\/product\/765210\/revisions\/832037"}],"wp:featuredmedia":[{"embeddable":true,"href":"https:\/\/www.lingerieunderworld.com\/en\/wp-json\/wp\/v2\/media\/831927"}],"wp:attachment":[{"href":"https:\/\/www.lingerieunderworld.com\/en\/wp-json\/wp\/v2\/media?parent=765210"}],"wp:term":[{"taxonomy":"product_brand","embeddable":true,"href":"https:\/\/www.lingerieunderworld.com\/en\/wp-json\/wp\/v2\/product_brand?post=765210"},{"taxonomy":"product_cat","embeddable":true,"href":"https:\/\/www.lingerieunderworld.com\/en\/wp-json\/wp\/v2\/product_cat?post=765210"},{"taxonomy":"product_tag","embeddable":true,"href":"https:\/\/www.lingerieunderworld.com\/en\/wp-json\/wp\/v2\/product_tag?post=765210"}],"curies":[{"name":"wp","href":"https:\/\/api.w.org\/{rel}","templated":true}]}}