{"id":826300,"date":"2025-12-10T13:28:41","date_gmt":"2025-12-10T13:28:41","guid":{"rendered":"https:\/\/www.lingerieunderworld.com\/en\/uncategorized\/aubade-boite-a-desir-velvet-snake-body\/"},"modified":"2026-03-31T17:36:05","modified_gmt":"2026-03-31T17:36:05","slug":"aubade-boite-a-desir-velvet-snake-body","status":"publish","type":"product","link":"https:\/\/www.lingerieunderworld.com\/en\/seduction\/boites-a-desir\/aubade-boite-a-desir-velvet-snake-body\/","title":{"rendered":"Aubade Bo\u00eete \u00e0 D\u00e9sir Velvet Snake Body"},"content":{"rendered":"","protected":false},"excerpt":{"rendered":"","protected":false},"featured_media":826308,"comment_status":"open","ping_status":"closed","template":"","meta":[],"product_brand":[404],"product_cat":[386,387,414,358,363,361],"product_tag":[],"class_list":{"0":"post-826300","1":"product","2":"type-product","3":"status-publish","4":"has-post-thumbnail","6":"product_brand-aubade","7":"product_cat-body","8":"product_cat-body-seduction","9":"product_cat-boites-a-desir","10":"product_cat-new-arrivals","11":"product_cat-panties-shapewear","12":"product_cat-seduction","13":"pa_color-black","14":"pa_size-one-size","16":"first","17":"outofstock","18":"taxable","19":"shipping-taxable","20":"purchasable","21":"product-type-variable","22":"has-default-attributes"},"_links":{"self":[{"href":"https:\/\/www.lingerieunderworld.com\/en\/wp-json\/wp\/v2\/product\/826300","targetHints":{"allow":["GET"]}}],"collection":[{"href":"https:\/\/www.lingerieunderworld.com\/en\/wp-json\/wp\/v2\/product"}],"about":[{"href":"https:\/\/www.lingerieunderworld.com\/en\/wp-json\/wp\/v2\/types\/product"}],"replies":[{"embeddable":true,"href":"https:\/\/www.lingerieunderworld.com\/en\/wp-json\/wp\/v2\/comments?post=826300"}],"version-history":[{"count":1,"href":"https:\/\/www.lingerieunderworld.com\/en\/wp-json\/wp\/v2\/product\/826300\/revisions"}],"predecessor-version":[{"id":826309,"href":"https:\/\/www.lingerieunderworld.com\/en\/wp-json\/wp\/v2\/product\/826300\/revisions\/826309"}],"wp:featuredmedia":[{"embeddable":true,"href":"https:\/\/www.lingerieunderworld.com\/en\/wp-json\/wp\/v2\/media\/826308"}],"wp:attachment":[{"href":"https:\/\/www.lingerieunderworld.com\/en\/wp-json\/wp\/v2\/media?parent=826300"}],"wp:term":[{"taxonomy":"product_brand","embeddable":true,"href":"https:\/\/www.lingerieunderworld.com\/en\/wp-json\/wp\/v2\/product_brand?post=826300"},{"taxonomy":"product_cat","embeddable":true,"href":"https:\/\/www.lingerieunderworld.com\/en\/wp-json\/wp\/v2\/product_cat?post=826300"},{"taxonomy":"product_tag","embeddable":true,"href":"https:\/\/www.lingerieunderworld.com\/en\/wp-json\/wp\/v2\/product_tag?post=826300"}],"curies":[{"name":"wp","href":"https:\/\/api.w.org\/{rel}","templated":true}]}}