{"id":831220,"date":"2026-02-20T14:28:40","date_gmt":"2026-02-20T14:28:40","guid":{"rendered":"https:\/\/www.lingerieunderworld.com\/en\/uncategorized\/simone-perele-desiree-camisole-bustier\/"},"modified":"2026-02-23T16:39:04","modified_gmt":"2026-02-23T16:39:04","slug":"simone-perele-desiree-camisole-bustier","status":"publish","type":"product","link":"https:\/\/www.lingerieunderworld.com\/en\/camisoles-tops\/camisole\/simone-perele-desiree-camisole-bustier\/","title":{"rendered":"Simone P\u00e9r\u00e8le D\u00e9sir\u00e9e Camisole Bustier"},"content":{"rendered":"","protected":false},"excerpt":{"rendered":"","protected":false},"featured_media":831229,"comment_status":"closed","ping_status":"closed","template":"","meta":[],"product_brand":[375],"product_cat":[377,376],"product_tag":[],"class_list":{"0":"post-831220","1":"product","2":"type-product","3":"status-publish","4":"has-post-thumbnail","6":"product_brand-simone-perele","7":"product_cat-camisole","8":"product_cat-camisoles-tops","9":"pa_color-black015","10":"pa_size-980","11":"pa_size-981","12":"pa_size-982","14":"first","15":"instock","16":"taxable","17":"shipping-taxable","18":"purchasable","19":"product-type-variable","20":"has-default-attributes"},"_links":{"self":[{"href":"https:\/\/www.lingerieunderworld.com\/en\/wp-json\/wp\/v2\/product\/831220","targetHints":{"allow":["GET"]}}],"collection":[{"href":"https:\/\/www.lingerieunderworld.com\/en\/wp-json\/wp\/v2\/product"}],"about":[{"href":"https:\/\/www.lingerieunderworld.com\/en\/wp-json\/wp\/v2\/types\/product"}],"replies":[{"embeddable":true,"href":"https:\/\/www.lingerieunderworld.com\/en\/wp-json\/wp\/v2\/comments?post=831220"}],"version-history":[{"count":1,"href":"https:\/\/www.lingerieunderworld.com\/en\/wp-json\/wp\/v2\/product\/831220\/revisions"}],"predecessor-version":[{"id":831230,"href":"https:\/\/www.lingerieunderworld.com\/en\/wp-json\/wp\/v2\/product\/831220\/revisions\/831230"}],"wp:featuredmedia":[{"embeddable":true,"href":"https:\/\/www.lingerieunderworld.com\/en\/wp-json\/wp\/v2\/media\/831229"}],"wp:attachment":[{"href":"https:\/\/www.lingerieunderworld.com\/en\/wp-json\/wp\/v2\/media?parent=831220"}],"wp:term":[{"taxonomy":"product_brand","embeddable":true,"href":"https:\/\/www.lingerieunderworld.com\/en\/wp-json\/wp\/v2\/product_brand?post=831220"},{"taxonomy":"product_cat","embeddable":true,"href":"https:\/\/www.lingerieunderworld.com\/en\/wp-json\/wp\/v2\/product_cat?post=831220"},{"taxonomy":"product_tag","embeddable":true,"href":"https:\/\/www.lingerieunderworld.com\/en\/wp-json\/wp\/v2\/product_tag?post=831220"}],"curies":[{"name":"wp","href":"https:\/\/api.w.org\/{rel}","templated":true}]}}