{"id":704370,"date":"2025-10-02T02:05:52","date_gmt":"2025-10-02T02:05:52","guid":{"rendered":"https:\/\/www.lingerieunderworld.com\/en\/uncategorized\/marie-jo-avero-t-shirt-heart-shape-colors\/"},"modified":"2026-03-04T21:33:55","modified_gmt":"2026-03-04T21:33:55","slug":"marie-jo-avero-t-shirt-heart-shape-colors","status":"publish","type":"product","link":"https:\/\/www.lingerieunderworld.com\/qc\/bras\/t-shirt-bra-padding-spacer\/marie-jo-avero-t-shirt-heart-shape-colors\/","title":{"rendered":"Marie Jo Avero Soutien-Gorge T-Shirt Forme Coeur (Couleurs)"},"content":{"rendered":"<p>Rehaussez votre collection de lingerie avec le soutien-gorge Marie Jo Avero Coussin\u00e9 Forme Coeur Les bonnets pr\u00e9form\u00e9s et coussin\u00e9s cr\u00e9ent un beau d\u00e9collet\u00e9 et une silhouette flatteuse , tandis que les bretelles r\u00e9glables en jolies marguerites offrent diff\u00e9rentes options de style, autour du cou ou crois\u00e9es, Avec son dos droit et sa bande en silicone, ce soutien-gorge offre un soutien et un confort optimaux.<\/p>","protected":false},"excerpt":{"rendered":"<p>Elevate your lingerie collection with the Marie Jo Avero Padded Heartshape Bra. The pre-shaped, padded cups create a flattering cleavage<\/p>","protected":false},"featured_media":818656,"comment_status":"open","ping_status":"closed","template":"","meta":[],"product_brand":[397],"product_cat":[354,355],"product_tag":[],"class_list":{"0":"post-704370","1":"product","2":"type-product","3":"status-publish","4":"has-post-thumbnail","6":"product_brand-marie-jo","7":"product_cat-bras","8":"product_cat-t-shirt-bra-padding-spacer","9":"pa_band-size-949","10":"pa_band-size-950","11":"pa_band-size-951","12":"pa_band-size-952","13":"pa_band-size-953","14":"pa_band-size-954","15":"pa_color-soft-sand","16":"pa_cup-size-a","17":"pa_cup-size-b","18":"pa_cup-size-c","19":"pa_cup-size-d","20":"pa_cup-size-e","22":"first","23":"instock","24":"sale","25":"taxable","26":"shipping-taxable","27":"purchasable","28":"product-type-variable","29":"has-default-attributes"},"_links":{"self":[{"href":"https:\/\/www.lingerieunderworld.com\/qc\/wp-json\/wp\/v2\/product\/704370","targetHints":{"allow":["GET"]}}],"collection":[{"href":"https:\/\/www.lingerieunderworld.com\/qc\/wp-json\/wp\/v2\/product"}],"about":[{"href":"https:\/\/www.lingerieunderworld.com\/qc\/wp-json\/wp\/v2\/types\/product"}],"replies":[{"embeddable":true,"href":"https:\/\/www.lingerieunderworld.com\/qc\/wp-json\/wp\/v2\/comments?post=704370"}],"version-history":[{"count":0,"href":"https:\/\/www.lingerieunderworld.com\/qc\/wp-json\/wp\/v2\/product\/704370\/revisions"}],"wp:featuredmedia":[{"embeddable":true,"href":"https:\/\/www.lingerieunderworld.com\/qc\/wp-json\/wp\/v2\/media\/818656"}],"wp:attachment":[{"href":"https:\/\/www.lingerieunderworld.com\/qc\/wp-json\/wp\/v2\/media?parent=704370"}],"wp:term":[{"taxonomy":"product_brand","embeddable":true,"href":"https:\/\/www.lingerieunderworld.com\/qc\/wp-json\/wp\/v2\/product_brand?post=704370"},{"taxonomy":"product_cat","embeddable":true,"href":"https:\/\/www.lingerieunderworld.com\/qc\/wp-json\/wp\/v2\/product_cat?post=704370"},{"taxonomy":"product_tag","embeddable":true,"href":"https:\/\/www.lingerieunderworld.com\/qc\/wp-json\/wp\/v2\/product_tag?post=704370"}],"curies":[{"name":"wp","href":"https:\/\/api.w.org\/{rel}","templated":true}]}}