{"id":706255,"date":"2025-10-02T03:01:34","date_gmt":"2025-10-02T03:01:34","guid":{"rendered":"https:\/\/www.lingerieunderworld.com\/en\/uncategorized\/aubade-danse-des-sens-shorty\/"},"modified":"2026-05-15T22:27:44","modified_gmt":"2026-05-15T22:27:44","slug":"aubade-danse-des-sens-shorty","status":"publish","type":"product","link":"https:\/\/www.lingerieunderworld.com\/qc\/panties-shapewear\/shorty-hipster-brazilian\/aubade-danse-des-sens-shorty\/","title":{"rendered":"Aubade Danse des Sens Shorty"},"content":{"rendered":"<p>Le shorty Danse des Sens propose une coupe basse \u00e0 la fois moderne et confortable, mettant en avant un jeu de transparence raffin\u00e9. Large sur les c\u00f4t\u00e9s et l\u00e9g\u00e8rement d\u00e9gag\u00e9 \u00e0 l'arri\u00e8re, ce mod\u00e8le souligne le galbe naturel avec \u00e9l\u00e9gance. Sa broderie florale se d\u00e9ploie largement sur les hanches, cr\u00e9ant un effet visuel sophistiqu\u00e9 et travaill\u00e9. Alliant l\u00e9g\u00e8ret\u00e9 et bien-\u00eatre quotidien, ce shorty est l'option id\u00e9ale pour celles qui recherchent une silhouette contemporaine sublim\u00e9e par une dentelle d\u00e9licate.<\/p>","protected":false},"excerpt":{"rendered":"<p>The Danse des Sens shorty offers a modern and comfortable fit with a beautifully sheer aesthetic. Designed with a low-rise<\/p>","protected":false},"featured_media":773718,"comment_status":"open","ping_status":"closed","template":"","meta":[],"product_brand":[404],"product_cat":[358,363,364],"product_tag":[],"class_list":{"0":"post-706255","1":"product","2":"type-product","3":"status-publish","4":"has-post-thumbnail","6":"product_brand-aubade","7":"product_cat-new-arrivals","8":"product_cat-panties-shapewear","9":"product_cat-shorty-hipster-brazilian","10":"pa_color-black","11":"pa_color-irresistible-rouge","12":"pa_color-opal","13":"pa_size-l","14":"pa_size-m","15":"pa_size-s","16":"pa_size-xl","17":"pa_size-xs","19":"first","20":"instock","21":"taxable","22":"shipping-taxable","23":"purchasable","24":"product-type-variable","25":"has-default-attributes"},"_links":{"self":[{"href":"https:\/\/www.lingerieunderworld.com\/qc\/wp-json\/wp\/v2\/product\/706255","targetHints":{"allow":["GET"]}}],"collection":[{"href":"https:\/\/www.lingerieunderworld.com\/qc\/wp-json\/wp\/v2\/product"}],"about":[{"href":"https:\/\/www.lingerieunderworld.com\/qc\/wp-json\/wp\/v2\/types\/product"}],"replies":[{"embeddable":true,"href":"https:\/\/www.lingerieunderworld.com\/qc\/wp-json\/wp\/v2\/comments?post=706255"}],"version-history":[{"count":1,"href":"https:\/\/www.lingerieunderworld.com\/qc\/wp-json\/wp\/v2\/product\/706255\/revisions"}],"predecessor-version":[{"id":836897,"href":"https:\/\/www.lingerieunderworld.com\/qc\/wp-json\/wp\/v2\/product\/706255\/revisions\/836897"}],"wp:featuredmedia":[{"embeddable":true,"href":"https:\/\/www.lingerieunderworld.com\/qc\/wp-json\/wp\/v2\/media\/773718"}],"wp:attachment":[{"href":"https:\/\/www.lingerieunderworld.com\/qc\/wp-json\/wp\/v2\/media?parent=706255"}],"wp:term":[{"taxonomy":"product_brand","embeddable":true,"href":"https:\/\/www.lingerieunderworld.com\/qc\/wp-json\/wp\/v2\/product_brand?post=706255"},{"taxonomy":"product_cat","embeddable":true,"href":"https:\/\/www.lingerieunderworld.com\/qc\/wp-json\/wp\/v2\/product_cat?post=706255"},{"taxonomy":"product_tag","embeddable":true,"href":"https:\/\/www.lingerieunderworld.com\/qc\/wp-json\/wp\/v2\/product_tag?post=706255"}],"curies":[{"name":"wp","href":"https:\/\/api.w.org\/{rel}","templated":true}]}}