{"id":708392,"date":"2025-10-02T04:22:41","date_gmt":"2025-10-02T04:22:41","guid":{"rendered":"https:\/\/www.lingerieunderworld.com\/en\/uncategorized\/simone-perele-delice-thong-discounted-colors\/"},"modified":"2026-05-17T18:48:46","modified_gmt":"2026-05-17T18:48:46","slug":"simone-perele-delice-thong-discounted-colors","status":"publish","type":"product","link":"https:\/\/www.lingerieunderworld.com\/qc\/panties-shapewear\/thong-string-tanga\/simone-perele-delice-thong-discounted-colors\/","title":{"rendered":"Simone P\u00e9r\u00e8le D\u00e9lice String (Coloris R\u00e9duits)"},"content":{"rendered":"<p><span style=\"font-weight: 400\">Le string Simone P\u00e9r\u00e8le D\u00e9lice est un sous-v\u00eatement \u00e9l\u00e9gant et raffin\u00e9 confectionn\u00e9 en maille et en broderie. Le devant du string est r\u00e9alis\u00e9 en maille opaque, tandis que les c\u00f4t\u00e9s sont orn\u00e9s de d\u00e9tails de broderie magnifiques.<\/span><\/p>\n<p><span style=\"font-weight: 400\">Le dos de la tanga est con\u00e7ue avec une combinaison de broderie et de maille, cr\u00e9ant un aspect visuel saisissant. Dans la partie sup\u00e9rieure du dos, un motif en guipure est pr\u00e9sent, ajoutant une touche suppl\u00e9mentaire de sophistication au design.<\/span><\/p>","protected":false},"excerpt":{"rendered":"<p>The Simone P&eacute;r&egrave;le D&eacute;lice Thong is a stylish and elegant lingerie piece made from a combination of mesh and embroidery.<\/p>","protected":false},"featured_media":772676,"comment_status":"closed","ping_status":"closed","template":"","meta":[],"product_brand":[375],"product_cat":[363,356,365],"product_tag":[],"class_list":{"0":"post-708392","1":"product","2":"type-product","3":"status-publish","4":"has-post-thumbnail","6":"product_brand-simone-perele","7":"product_cat-panties-shapewear","8":"product_cat-promotions","9":"product_cat-thong-string-tanga","10":"pa_color-atoll-blue665","11":"pa_color-mango223","12":"pa_color-noir-gem088","13":"pa_color-prestige-blue595","14":"pa_color-vert-deau643","15":"pa_size-l","16":"pa_size-m","17":"pa_size-s","18":"pa_size-xl","19":"pa_size-xxl","21":"first","22":"instock","23":"sale","24":"taxable","25":"shipping-taxable","26":"purchasable","27":"product-type-variable","28":"has-default-attributes"},"_links":{"self":[{"href":"https:\/\/www.lingerieunderworld.com\/qc\/wp-json\/wp\/v2\/product\/708392","targetHints":{"allow":["GET"]}}],"collection":[{"href":"https:\/\/www.lingerieunderworld.com\/qc\/wp-json\/wp\/v2\/product"}],"about":[{"href":"https:\/\/www.lingerieunderworld.com\/qc\/wp-json\/wp\/v2\/types\/product"}],"replies":[{"embeddable":true,"href":"https:\/\/www.lingerieunderworld.com\/qc\/wp-json\/wp\/v2\/comments?post=708392"}],"version-history":[{"count":1,"href":"https:\/\/www.lingerieunderworld.com\/qc\/wp-json\/wp\/v2\/product\/708392\/revisions"}],"predecessor-version":[{"id":828702,"href":"https:\/\/www.lingerieunderworld.com\/qc\/wp-json\/wp\/v2\/product\/708392\/revisions\/828702"}],"wp:featuredmedia":[{"embeddable":true,"href":"https:\/\/www.lingerieunderworld.com\/qc\/wp-json\/wp\/v2\/media\/772676"}],"wp:attachment":[{"href":"https:\/\/www.lingerieunderworld.com\/qc\/wp-json\/wp\/v2\/media?parent=708392"}],"wp:term":[{"taxonomy":"product_brand","embeddable":true,"href":"https:\/\/www.lingerieunderworld.com\/qc\/wp-json\/wp\/v2\/product_brand?post=708392"},{"taxonomy":"product_cat","embeddable":true,"href":"https:\/\/www.lingerieunderworld.com\/qc\/wp-json\/wp\/v2\/product_cat?post=708392"},{"taxonomy":"product_tag","embeddable":true,"href":"https:\/\/www.lingerieunderworld.com\/qc\/wp-json\/wp\/v2\/product_tag?post=708392"}],"curies":[{"name":"wp","href":"https:\/\/api.w.org\/{rel}","templated":true}]}}