{"id":709935,"date":"2025-10-02T05:03:45","date_gmt":"2025-10-02T05:03:45","guid":{"rendered":"https:\/\/www.lingerieunderworld.com\/en\/uncategorized\/blush-the-no-show-hipster\/"},"modified":"2026-04-05T17:45:04","modified_gmt":"2026-04-05T17:45:04","slug":"blush-the-no-show-hipster","status":"publish","type":"product","link":"https:\/\/www.lingerieunderworld.com\/qc\/panties-shapewear\/shorty-hipster-brazilian\/blush-the-no-show-hipster\/","title":{"rendered":"Blush The No-Show Shorty"},"content":{"rendered":"<p>D\u00e9couvrez une discr\u00e9tion et un confort in\u00e9gal\u00e9s avec le shorty invisible, un essentiel sans couture con\u00e7u \u00e0 Montr\u00e9al. Confectionn\u00e9 dans une microfibre d'une douceur absolue, ce mod\u00e8le \u00e0 taille basse est pens\u00e9 pour accompagner tous vos mouvements tout en restant totalement imperceptible sous vos v\u00eatements. Sa mati\u00e8re respirante et sa coupe \u00ab cheeky \u00bb \u00e9pousent vos courbes pour une silhouette moderne et flatteuse. Dot\u00e9 d'un gousset en coton, c'est l'alli\u00e9 \u00ab seconde peau \u00bb indispensable de votre garde-robe quotidienne.<\/p>","protected":false},"excerpt":{"rendered":"<p>Experience unrivaled discretion and comfort with the No-Show Hipster, a seamless essential designed in Montreal. Crafted from buttery-soft microfiber, this<\/p>","protected":false},"featured_media":819320,"comment_status":"open","ping_status":"closed","template":"","meta":[],"product_brand":[423],"product_cat":[363,364],"product_tag":[],"class_list":{"0":"post-709935","1":"product","2":"type-product","3":"status-publish","4":"has-post-thumbnail","6":"product_brand-blush","7":"product_cat-panties-shapewear","8":"product_cat-shorty-hipster-brazilian","9":"pa_color-black","10":"pa_color-latte","11":"pa_size-l","12":"pa_size-m","13":"pa_size-s","14":"pa_size-xl","15":"pa_size-xs","16":"pa_size-xxl","18":"first","19":"instock","20":"taxable","21":"shipping-taxable","22":"purchasable","23":"product-type-variable","24":"has-default-attributes"},"_links":{"self":[{"href":"https:\/\/www.lingerieunderworld.com\/qc\/wp-json\/wp\/v2\/product\/709935","targetHints":{"allow":["GET"]}}],"collection":[{"href":"https:\/\/www.lingerieunderworld.com\/qc\/wp-json\/wp\/v2\/product"}],"about":[{"href":"https:\/\/www.lingerieunderworld.com\/qc\/wp-json\/wp\/v2\/types\/product"}],"replies":[{"embeddable":true,"href":"https:\/\/www.lingerieunderworld.com\/qc\/wp-json\/wp\/v2\/comments?post=709935"}],"version-history":[{"count":1,"href":"https:\/\/www.lingerieunderworld.com\/qc\/wp-json\/wp\/v2\/product\/709935\/revisions"}],"predecessor-version":[{"id":835089,"href":"https:\/\/www.lingerieunderworld.com\/qc\/wp-json\/wp\/v2\/product\/709935\/revisions\/835089"}],"wp:featuredmedia":[{"embeddable":true,"href":"https:\/\/www.lingerieunderworld.com\/qc\/wp-json\/wp\/v2\/media\/819320"}],"wp:attachment":[{"href":"https:\/\/www.lingerieunderworld.com\/qc\/wp-json\/wp\/v2\/media?parent=709935"}],"wp:term":[{"taxonomy":"product_brand","embeddable":true,"href":"https:\/\/www.lingerieunderworld.com\/qc\/wp-json\/wp\/v2\/product_brand?post=709935"},{"taxonomy":"product_cat","embeddable":true,"href":"https:\/\/www.lingerieunderworld.com\/qc\/wp-json\/wp\/v2\/product_cat?post=709935"},{"taxonomy":"product_tag","embeddable":true,"href":"https:\/\/www.lingerieunderworld.com\/qc\/wp-json\/wp\/v2\/product_tag?post=709935"}],"curies":[{"name":"wp","href":"https:\/\/api.w.org\/{rel}","templated":true}]}}