{"id":711479,"date":"2025-10-02T05:44:39","date_gmt":"2025-10-02T05:44:39","guid":{"rendered":"https:\/\/www.lingerieunderworld.com\/en\/uncategorized\/aubade-boite-a-desir-lace-triangle-bra\/"},"modified":"2026-04-14T17:52:02","modified_gmt":"2026-04-14T17:52:02","slug":"aubade-boite-a-desir-lace-triangle-bra","status":"publish","type":"product","link":"https:\/\/www.lingerieunderworld.com\/qc\/seduction\/boites-a-desir\/aubade-boite-a-desir-lace-triangle-bra\/","title":{"rendered":"Aubade Bo\u00eete \u00e0 D\u00e9sir Soutien-Gorge Triangle en Dentelle"},"content":{"rendered":"","protected":false},"excerpt":{"rendered":"","protected":false},"featured_media":775562,"comment_status":"open","ping_status":"closed","template":"","meta":[],"product_brand":[404],"product_cat":[414,354,361,384],"product_tag":[],"class_list":{"0":"post-711479","1":"product","2":"type-product","3":"status-publish","4":"has-post-thumbnail","6":"product_brand-aubade","7":"product_cat-boites-a-desir","8":"product_cat-bras","9":"product_cat-seduction","10":"product_cat-wireless-bralette","11":"pa_color-black","12":"pa_size-one-size","14":"first","15":"instock","16":"taxable","17":"shipping-taxable","18":"purchasable","19":"product-type-variable","20":"has-default-attributes"},"_links":{"self":[{"href":"https:\/\/www.lingerieunderworld.com\/qc\/wp-json\/wp\/v2\/product\/711479","targetHints":{"allow":["GET"]}}],"collection":[{"href":"https:\/\/www.lingerieunderworld.com\/qc\/wp-json\/wp\/v2\/product"}],"about":[{"href":"https:\/\/www.lingerieunderworld.com\/qc\/wp-json\/wp\/v2\/types\/product"}],"replies":[{"embeddable":true,"href":"https:\/\/www.lingerieunderworld.com\/qc\/wp-json\/wp\/v2\/comments?post=711479"}],"version-history":[{"count":0,"href":"https:\/\/www.lingerieunderworld.com\/qc\/wp-json\/wp\/v2\/product\/711479\/revisions"}],"wp:featuredmedia":[{"embeddable":true,"href":"https:\/\/www.lingerieunderworld.com\/qc\/wp-json\/wp\/v2\/media\/775562"}],"wp:attachment":[{"href":"https:\/\/www.lingerieunderworld.com\/qc\/wp-json\/wp\/v2\/media?parent=711479"}],"wp:term":[{"taxonomy":"product_brand","embeddable":true,"href":"https:\/\/www.lingerieunderworld.com\/qc\/wp-json\/wp\/v2\/product_brand?post=711479"},{"taxonomy":"product_cat","embeddable":true,"href":"https:\/\/www.lingerieunderworld.com\/qc\/wp-json\/wp\/v2\/product_cat?post=711479"},{"taxonomy":"product_tag","embeddable":true,"href":"https:\/\/www.lingerieunderworld.com\/qc\/wp-json\/wp\/v2\/product_tag?post=711479"}],"curies":[{"name":"wp","href":"https:\/\/api.w.org\/{rel}","templated":true}]}}