{"id":731208,"date":"2025-10-07T05:45:23","date_gmt":"2025-10-07T05:45:23","guid":{"rendered":"https:\/\/www.lingerieunderworld.com\/en\/uncategorized\/aubade-rosessence-full-brief\/"},"modified":"2026-02-27T16:11:48","modified_gmt":"2026-02-27T16:11:48","slug":"aubade-rosessence-full-brief","status":"publish","type":"product","link":"https:\/\/www.lingerieunderworld.com\/qc\/panties-shapewear\/full-briefs\/aubade-rosessence-full-brief\/","title":{"rendered":"Aubade Rosessence Culotte Haute"},"content":{"rendered":"<p>La dentelle florale rose extensible et sa couture centrale arri\u00e8re mettent d\u00e9licatement en valeur les fesses tout en dissimulant le ventre. Rehauss\u00e9 d\u2019un bijou Aubade avec strass Swarovski<\/p>","protected":false},"excerpt":{"rendered":"<p>The Stretchy Rose Floral Lace and its back Centre seam delicately highlight the buttocks while concealing the stomach. Enhanced by<\/p>","protected":false},"featured_media":775380,"comment_status":"closed","ping_status":"closed","template":"","meta":[],"product_brand":[404],"product_cat":[370,363],"product_tag":[],"class_list":{"0":"post-731208","1":"product","2":"type-product","3":"status-publish","4":"has-post-thumbnail","6":"product_brand-aubade","7":"product_cat-full-briefs","8":"product_cat-panties-shapewear","9":"pa_color-black","10":"pa_size-s","12":"first","13":"instock","14":"taxable","15":"shipping-taxable","16":"purchasable","17":"product-type-variable","18":"has-default-attributes"},"_links":{"self":[{"href":"https:\/\/www.lingerieunderworld.com\/qc\/wp-json\/wp\/v2\/product\/731208","targetHints":{"allow":["GET"]}}],"collection":[{"href":"https:\/\/www.lingerieunderworld.com\/qc\/wp-json\/wp\/v2\/product"}],"about":[{"href":"https:\/\/www.lingerieunderworld.com\/qc\/wp-json\/wp\/v2\/types\/product"}],"replies":[{"embeddable":true,"href":"https:\/\/www.lingerieunderworld.com\/qc\/wp-json\/wp\/v2\/comments?post=731208"}],"version-history":[{"count":0,"href":"https:\/\/www.lingerieunderworld.com\/qc\/wp-json\/wp\/v2\/product\/731208\/revisions"}],"wp:featuredmedia":[{"embeddable":true,"href":"https:\/\/www.lingerieunderworld.com\/qc\/wp-json\/wp\/v2\/media\/775380"}],"wp:attachment":[{"href":"https:\/\/www.lingerieunderworld.com\/qc\/wp-json\/wp\/v2\/media?parent=731208"}],"wp:term":[{"taxonomy":"product_brand","embeddable":true,"href":"https:\/\/www.lingerieunderworld.com\/qc\/wp-json\/wp\/v2\/product_brand?post=731208"},{"taxonomy":"product_cat","embeddable":true,"href":"https:\/\/www.lingerieunderworld.com\/qc\/wp-json\/wp\/v2\/product_cat?post=731208"},{"taxonomy":"product_tag","embeddable":true,"href":"https:\/\/www.lingerieunderworld.com\/qc\/wp-json\/wp\/v2\/product_tag?post=731208"}],"curies":[{"name":"wp","href":"https:\/\/api.w.org\/{rel}","templated":true}]}}