{"id":761023,"date":"2025-10-07T18:50:01","date_gmt":"2025-10-07T18:50:01","guid":{"rendered":"https:\/\/www.lingerieunderworld.com\/en\/uncategorized\/voila-riga-dietro-luxe-20-denier-pantyhose-backseam-and-french-heel\/"},"modified":"2026-03-06T14:40:16","modified_gmt":"2026-03-06T14:40:16","slug":"voila-riga-dietro-luxe-20-denier-pantyhose-backseam-and-french-heel","status":"publish","type":"product","link":"https:\/\/www.lingerieunderworld.com\/qc\/hosiery\/patterns\/voila-riga-dietro-luxe-20-denier-pantyhose-backseam-and-french-heel\/","title":{"rendered":"Voil\u00e0 Riga Dietro Luxe 20 Deniers Collant Ligne Arri\u00e8re et Talon Fran\u00e7ais"},"content":{"rendered":"<p><span style=\"font-weight: 400\">Les collants Voila Riga Dietro Luxe sont parfaits pour une soir\u00e9e sp\u00e9ciale. Leur \u00e9paisseur de 20 deniers leur conf\u00e8re un aspect diaphane qui allonge les jambes. La ligne de dos apporte une touche de glamour. Le talon fran\u00e7ais garantit un maintien optimal. <br \/>Caract\u00e9ristiques : Epaisseur : 20 deniers Mati\u00e8re : nylon et \u00e9lasthanne <br \/>Conseils d'entretien : Laver \u00e0 la main \u00e0 l'eau froide Ne pas mettre au s\u00e8che-linge<\/span><\/p>","protected":false},"excerpt":{"rendered":"<p>Voila Riga Dietro Luxe tights are perfect for a special evening. Their 20-denier thickness gives them a sheer look that<\/p>","protected":false},"featured_media":769319,"comment_status":"open","ping_status":"closed","template":"","meta":[],"product_brand":[432],"product_cat":[395,398,452,361],"product_tag":[],"class_list":{"0":"post-761023","1":"product","2":"type-product","3":"status-publish","4":"has-post-thumbnail","6":"product_brand-voila","7":"product_cat-hosiery","8":"product_cat-pantyhose-tights","9":"product_cat-patterns","10":"product_cat-seduction","11":"pa_color-nero","12":"pa_size-981","13":"pa_size-982","14":"pa_size-983","15":"pa_size-990","17":"first","18":"instock","19":"taxable","20":"shipping-taxable","21":"purchasable","22":"product-type-variable","23":"has-default-attributes"},"_links":{"self":[{"href":"https:\/\/www.lingerieunderworld.com\/qc\/wp-json\/wp\/v2\/product\/761023","targetHints":{"allow":["GET"]}}],"collection":[{"href":"https:\/\/www.lingerieunderworld.com\/qc\/wp-json\/wp\/v2\/product"}],"about":[{"href":"https:\/\/www.lingerieunderworld.com\/qc\/wp-json\/wp\/v2\/types\/product"}],"replies":[{"embeddable":true,"href":"https:\/\/www.lingerieunderworld.com\/qc\/wp-json\/wp\/v2\/comments?post=761023"}],"version-history":[{"count":1,"href":"https:\/\/www.lingerieunderworld.com\/qc\/wp-json\/wp\/v2\/product\/761023\/revisions"}],"predecessor-version":[{"id":828809,"href":"https:\/\/www.lingerieunderworld.com\/qc\/wp-json\/wp\/v2\/product\/761023\/revisions\/828809"}],"wp:featuredmedia":[{"embeddable":true,"href":"https:\/\/www.lingerieunderworld.com\/qc\/wp-json\/wp\/v2\/media\/769319"}],"wp:attachment":[{"href":"https:\/\/www.lingerieunderworld.com\/qc\/wp-json\/wp\/v2\/media?parent=761023"}],"wp:term":[{"taxonomy":"product_brand","embeddable":true,"href":"https:\/\/www.lingerieunderworld.com\/qc\/wp-json\/wp\/v2\/product_brand?post=761023"},{"taxonomy":"product_cat","embeddable":true,"href":"https:\/\/www.lingerieunderworld.com\/qc\/wp-json\/wp\/v2\/product_cat?post=761023"},{"taxonomy":"product_tag","embeddable":true,"href":"https:\/\/www.lingerieunderworld.com\/qc\/wp-json\/wp\/v2\/product_tag?post=761023"}],"curies":[{"name":"wp","href":"https:\/\/api.w.org\/{rel}","templated":true}]}}