{"id":761397,"date":"2025-10-07T18:54:29","date_gmt":"2025-10-07T18:54:29","guid":{"rendered":"https:\/\/www.lingerieunderworld.com\/en\/uncategorized\/primadonna-alara-deep-seamless-molded-underwire\/"},"modified":"2026-03-05T14:29:54","modified_gmt":"2026-03-05T14:29:54","slug":"primadonna-alara-deep-seamless-molded-underwire","status":"publish","type":"product","link":"https:\/\/www.lingerieunderworld.com\/qc\/bras\/deep-underwire\/primadonna-alara-deep-seamless-molded-underwire\/","title":{"rendered":"PrimaDonna Alara Moul\u00e9 avec Armature Bonnets Profonds sans Couture"},"content":{"rendered":"<p><span id=\"docs-internal-guid-78a0c7c0-7fff-5ef9-d756-17f155c04e2c\"><span style=\"font-size:11pt;font-family:Arial;color:#222222;background-color:#ffffff;vertical-align:baseline;white-space:pre-wrap\">Soutien-gorge pr\u00e9form\u00e9 enti\u00e8rement sans couture et transparent avec un joli motif brod\u00e9.  Les bretelles sont orn\u00e9es d'un motif graphique en guipure.<\/span><\/span><\/p>","protected":false},"excerpt":{"rendered":"<p>Soutien-gorge pr\u00e9form\u00e9 enti\u00e8rement sans couture et transparent avec un joli motif brod\u00e9.  Les bretelles sont orn\u00e9es d'un motif graphique en guipure.<\/p>","protected":false},"featured_media":777484,"comment_status":"open","ping_status":"closed","template":"","meta":[],"product_brand":[405],"product_cat":[354,385,373,356,371],"product_tag":[],"class_list":{"0":"post-761397","1":"product","2":"type-product","3":"status-publish","4":"has-post-thumbnail","6":"product_brand-primadonna","7":"product_cat-bras","8":"product_cat-deep-underwire","9":"product_cat-molded-seamless","10":"product_cat-promotions","11":"product_cat-underwire","12":"pa_band-size-949","13":"pa_band-size-950","14":"pa_band-size-951","15":"pa_band-size-952","16":"pa_band-size-953","17":"pa_band-size-954","18":"pa_band-size-955","19":"pa_band-size-956","20":"pa_color-patine","21":"pa_cup-size-c","22":"pa_cup-size-d","23":"pa_cup-size-e","24":"pa_cup-size-f","25":"pa_cup-size-g","26":"pa_cup-size-h","28":"first","29":"instock","30":"sale","31":"taxable","32":"shipping-taxable","33":"purchasable","34":"product-type-variable","35":"has-default-attributes"},"_links":{"self":[{"href":"https:\/\/www.lingerieunderworld.com\/qc\/wp-json\/wp\/v2\/product\/761397","targetHints":{"allow":["GET"]}}],"collection":[{"href":"https:\/\/www.lingerieunderworld.com\/qc\/wp-json\/wp\/v2\/product"}],"about":[{"href":"https:\/\/www.lingerieunderworld.com\/qc\/wp-json\/wp\/v2\/types\/product"}],"replies":[{"embeddable":true,"href":"https:\/\/www.lingerieunderworld.com\/qc\/wp-json\/wp\/v2\/comments?post=761397"}],"version-history":[{"count":1,"href":"https:\/\/www.lingerieunderworld.com\/qc\/wp-json\/wp\/v2\/product\/761397\/revisions"}],"predecessor-version":[{"id":828979,"href":"https:\/\/www.lingerieunderworld.com\/qc\/wp-json\/wp\/v2\/product\/761397\/revisions\/828979"}],"wp:featuredmedia":[{"embeddable":true,"href":"https:\/\/www.lingerieunderworld.com\/qc\/wp-json\/wp\/v2\/media\/777484"}],"wp:attachment":[{"href":"https:\/\/www.lingerieunderworld.com\/qc\/wp-json\/wp\/v2\/media?parent=761397"}],"wp:term":[{"taxonomy":"product_brand","embeddable":true,"href":"https:\/\/www.lingerieunderworld.com\/qc\/wp-json\/wp\/v2\/product_brand?post=761397"},{"taxonomy":"product_cat","embeddable":true,"href":"https:\/\/www.lingerieunderworld.com\/qc\/wp-json\/wp\/v2\/product_cat?post=761397"},{"taxonomy":"product_tag","embeddable":true,"href":"https:\/\/www.lingerieunderworld.com\/qc\/wp-json\/wp\/v2\/product_tag?post=761397"}],"curies":[{"name":"wp","href":"https:\/\/api.w.org\/{rel}","templated":true}]}}