{"id":767342,"date":"2025-10-07T20:16:31","date_gmt":"2025-10-07T20:16:31","guid":{"rendered":"https:\/\/www.lingerieunderworld.com\/en\/uncategorized\/simone-perele-satin-secrets-short-night-dress-discounted-colors\/"},"modified":"2026-04-20T19:13:05","modified_gmt":"2026-04-20T19:13:05","slug":"simone-perele-satin-secrets-short-night-dress-discounted-colors","status":"publish","type":"product","link":"https:\/\/www.lingerieunderworld.com\/qc\/sleep-lounge\/short-night-dress-sleep-lounge\/simone-perele-satin-secrets-short-night-dress-discounted-colors\/","title":{"rendered":"Simone P\u00e9r\u00e8le Satin Secrets Nuisette Courte (Coloris R\u00e9duits)"},"content":{"rendered":"","protected":false},"excerpt":{"rendered":"","protected":false},"featured_media":818235,"comment_status":"closed","ping_status":"closed","template":"","meta":[],"product_brand":[375],"product_cat":[419,356,361,442,378],"product_tag":[],"class_list":{"0":"post-767342","1":"product","2":"type-product","3":"status-publish","4":"has-post-thumbnail","6":"product_brand-simone-perele","7":"product_cat-night-dress-seduction","8":"product_cat-promotions","9":"product_cat-seduction","10":"product_cat-short-night-dress-sleep-lounge","11":"product_cat-sleep-lounge","12":"pa_color-quartz-rose339","13":"pa_size-l","14":"pa_size-m","15":"pa_size-s","16":"pa_size-xl","18":"first","19":"instock","20":"sale","21":"taxable","22":"shipping-taxable","23":"purchasable","24":"product-type-variable","25":"has-default-attributes"},"_links":{"self":[{"href":"https:\/\/www.lingerieunderworld.com\/qc\/wp-json\/wp\/v2\/product\/767342","targetHints":{"allow":["GET"]}}],"collection":[{"href":"https:\/\/www.lingerieunderworld.com\/qc\/wp-json\/wp\/v2\/product"}],"about":[{"href":"https:\/\/www.lingerieunderworld.com\/qc\/wp-json\/wp\/v2\/types\/product"}],"replies":[{"embeddable":true,"href":"https:\/\/www.lingerieunderworld.com\/qc\/wp-json\/wp\/v2\/comments?post=767342"}],"version-history":[{"count":1,"href":"https:\/\/www.lingerieunderworld.com\/qc\/wp-json\/wp\/v2\/product\/767342\/revisions"}],"predecessor-version":[{"id":826508,"href":"https:\/\/www.lingerieunderworld.com\/qc\/wp-json\/wp\/v2\/product\/767342\/revisions\/826508"}],"wp:featuredmedia":[{"embeddable":true,"href":"https:\/\/www.lingerieunderworld.com\/qc\/wp-json\/wp\/v2\/media\/818235"}],"wp:attachment":[{"href":"https:\/\/www.lingerieunderworld.com\/qc\/wp-json\/wp\/v2\/media?parent=767342"}],"wp:term":[{"taxonomy":"product_brand","embeddable":true,"href":"https:\/\/www.lingerieunderworld.com\/qc\/wp-json\/wp\/v2\/product_brand?post=767342"},{"taxonomy":"product_cat","embeddable":true,"href":"https:\/\/www.lingerieunderworld.com\/qc\/wp-json\/wp\/v2\/product_cat?post=767342"},{"taxonomy":"product_tag","embeddable":true,"href":"https:\/\/www.lingerieunderworld.com\/qc\/wp-json\/wp\/v2\/product_tag?post=767342"}],"curies":[{"name":"wp","href":"https:\/\/api.w.org\/{rel}","templated":true}]}}