{"id":830903,"date":"2026-02-18T14:49:34","date_gmt":"2026-02-18T14:49:34","guid":{"rendered":"https:\/\/www.lingerieunderworld.com\/en\/uncategorized\/blush-serene-top\/"},"modified":"2026-04-12T19:17:07","modified_gmt":"2026-04-12T19:17:07","slug":"blush-serene-top","status":"publish","type":"product","link":"https:\/\/www.lingerieunderworld.com\/qc\/seduction\/tops-long-sleeves-seduction\/blush-serene-top\/","title":{"rendered":"Blush Serene Haut Nou\u00e9"},"content":{"rendered":"<p>Le haut nou\u00e9 Serene est un jeu po\u00e9tique entre transparence et texture. Con\u00e7ue \u00e0 Montr\u00e9al, cette pi\u00e8ce en dentelle exquise drape le corps d'un motif floral d\u00e9licat, fix\u00e9e par un n\u0153ud de satin raffin\u00e9. Les manches longues et l'ouverture \u00e0 l'avant offrent une \u00e9l\u00e9gance polyvalente qui se transforme merveilleusement d'une couche intime en une pi\u00e8ce ma\u00eetresse sophistiqu\u00e9e.<\/p>","protected":false},"excerpt":{"rendered":"<p>The Serene Tie-Front Top is a poetic interplay of transparency and texture. Designed in Montreal, this exquisite lace piece drapes<\/p>","protected":false},"featured_media":830913,"comment_status":"closed","ping_status":"closed","template":"","meta":[],"product_brand":[423],"product_cat":[376,358,361,421,422],"product_tag":[],"class_list":{"0":"post-830903","1":"product","2":"type-product","3":"status-publish","4":"has-post-thumbnail","6":"product_brand-blush","7":"product_cat-camisoles-tops","8":"product_cat-new-arrivals","9":"product_cat-seduction","10":"product_cat-tops-long-sleeves","11":"product_cat-tops-long-sleeves-seduction","12":"pa_color-black","13":"pa_size-l","14":"pa_size-m","15":"pa_size-s","16":"pa_size-xl","17":"pa_size-xs","19":"first","20":"instock","21":"taxable","22":"shipping-taxable","23":"purchasable","24":"product-type-variable","25":"has-default-attributes"},"_links":{"self":[{"href":"https:\/\/www.lingerieunderworld.com\/qc\/wp-json\/wp\/v2\/product\/830903","targetHints":{"allow":["GET"]}}],"collection":[{"href":"https:\/\/www.lingerieunderworld.com\/qc\/wp-json\/wp\/v2\/product"}],"about":[{"href":"https:\/\/www.lingerieunderworld.com\/qc\/wp-json\/wp\/v2\/types\/product"}],"replies":[{"embeddable":true,"href":"https:\/\/www.lingerieunderworld.com\/qc\/wp-json\/wp\/v2\/comments?post=830903"}],"version-history":[{"count":2,"href":"https:\/\/www.lingerieunderworld.com\/qc\/wp-json\/wp\/v2\/product\/830903\/revisions"}],"predecessor-version":[{"id":835526,"href":"https:\/\/www.lingerieunderworld.com\/qc\/wp-json\/wp\/v2\/product\/830903\/revisions\/835526"}],"wp:featuredmedia":[{"embeddable":true,"href":"https:\/\/www.lingerieunderworld.com\/qc\/wp-json\/wp\/v2\/media\/830913"}],"wp:attachment":[{"href":"https:\/\/www.lingerieunderworld.com\/qc\/wp-json\/wp\/v2\/media?parent=830903"}],"wp:term":[{"taxonomy":"product_brand","embeddable":true,"href":"https:\/\/www.lingerieunderworld.com\/qc\/wp-json\/wp\/v2\/product_brand?post=830903"},{"taxonomy":"product_cat","embeddable":true,"href":"https:\/\/www.lingerieunderworld.com\/qc\/wp-json\/wp\/v2\/product_cat?post=830903"},{"taxonomy":"product_tag","embeddable":true,"href":"https:\/\/www.lingerieunderworld.com\/qc\/wp-json\/wp\/v2\/product_tag?post=830903"}],"curies":[{"name":"wp","href":"https:\/\/api.w.org\/{rel}","templated":true}]}}