{"id":831087,"date":"2026-02-18T19:57:26","date_gmt":"2026-02-18T19:57:26","guid":{"rendered":"https:\/\/www.lingerieunderworld.com\/en\/uncategorized\/blush-the-lace-short-night-dress\/"},"modified":"2026-05-09T04:22:40","modified_gmt":"2026-05-09T04:22:40","slug":"blush-the-lace-short-night-dress","status":"publish","type":"product","link":"https:\/\/www.lingerieunderworld.com\/qc\/seduction\/short-night-dress\/blush-the-lace-short-night-dress\/","title":{"rendered":"Blush The Lace Nuisette Courte"},"content":{"rendered":"<p>D\u00e9couvrez le confort absolu avec cette nuisette courte en dentelle, une pi\u00e8ce d\u00e9licate con\u00e7ue \u00e0 Montr\u00e9al pour vos moments les plus doux. Ce n\u00e9glig\u00e9 en dentelle extensible se distingue par ses bordures festonn\u00e9es et sa coupe l\u00e9g\u00e8re qui effleure la peau avec d\u00e9licatesse. Sa confection sans armatures, non rembourr\u00e9e et non doubl\u00e9e, privil\u00e9gie une sensation de libert\u00e9 totale et un bien-\u00eatre naturel. Dot\u00e9e de bretelles enti\u00e8rement ajustables, c'est l'essentiel id\u00e9al pour allier raffinement et d\u00e9tente absolue.<\/p>","protected":false},"excerpt":{"rendered":"<p>Experience the ultimate in nighttime luxury with The Lace Short Night Dress. Designed in Montreal, this flirty stretch lace slip<\/p>","protected":false},"featured_media":831098,"comment_status":"closed","ping_status":"closed","template":"","meta":[],"product_brand":[423],"product_cat":[380,419,361,420,378],"product_tag":[],"class_list":{"0":"post-831087","1":"product","2":"type-product","3":"status-publish","4":"has-post-thumbnail","6":"product_brand-blush","7":"product_cat-night-dress","8":"product_cat-night-dress-seduction","9":"product_cat-seduction","10":"product_cat-short-night-dress","11":"product_cat-sleep-lounge","12":"pa_color-black","13":"pa_size-l","14":"pa_size-m","15":"pa_size-s","16":"pa_size-xl","17":"pa_size-xs","18":"pa_size-xxl","20":"first","21":"instock","22":"taxable","23":"shipping-taxable","24":"purchasable","25":"product-type-variable","26":"has-default-attributes"},"_links":{"self":[{"href":"https:\/\/www.lingerieunderworld.com\/qc\/wp-json\/wp\/v2\/product\/831087","targetHints":{"allow":["GET"]}}],"collection":[{"href":"https:\/\/www.lingerieunderworld.com\/qc\/wp-json\/wp\/v2\/product"}],"about":[{"href":"https:\/\/www.lingerieunderworld.com\/qc\/wp-json\/wp\/v2\/types\/product"}],"replies":[{"embeddable":true,"href":"https:\/\/www.lingerieunderworld.com\/qc\/wp-json\/wp\/v2\/comments?post=831087"}],"version-history":[{"count":2,"href":"https:\/\/www.lingerieunderworld.com\/qc\/wp-json\/wp\/v2\/product\/831087\/revisions"}],"predecessor-version":[{"id":835077,"href":"https:\/\/www.lingerieunderworld.com\/qc\/wp-json\/wp\/v2\/product\/831087\/revisions\/835077"}],"wp:featuredmedia":[{"embeddable":true,"href":"https:\/\/www.lingerieunderworld.com\/qc\/wp-json\/wp\/v2\/media\/831098"}],"wp:attachment":[{"href":"https:\/\/www.lingerieunderworld.com\/qc\/wp-json\/wp\/v2\/media?parent=831087"}],"wp:term":[{"taxonomy":"product_brand","embeddable":true,"href":"https:\/\/www.lingerieunderworld.com\/qc\/wp-json\/wp\/v2\/product_brand?post=831087"},{"taxonomy":"product_cat","embeddable":true,"href":"https:\/\/www.lingerieunderworld.com\/qc\/wp-json\/wp\/v2\/product_cat?post=831087"},{"taxonomy":"product_tag","embeddable":true,"href":"https:\/\/www.lingerieunderworld.com\/qc\/wp-json\/wp\/v2\/product_tag?post=831087"}],"curies":[{"name":"wp","href":"https:\/\/api.w.org\/{rel}","templated":true}]}}