{"id":831132,"date":"2026-02-18T22:03:25","date_gmt":"2026-02-18T22:03:25","guid":{"rendered":"https:\/\/www.lingerieunderworld.com\/en\/uncategorized\/blush-the-lace-thong\/"},"modified":"2026-04-30T17:23:18","modified_gmt":"2026-04-30T17:23:18","slug":"blush-the-lace-thong","status":"publish","type":"product","link":"https:\/\/www.lingerieunderworld.com\/qc\/panties-shapewear\/thong-string-tanga\/blush-the-lace-thong\/","title":{"rendered":"Blush The Lace Tanga"},"content":{"rendered":"<p>Con\u00e7u \u00e0 Montr\u00e9al pour \u00e9pouser vos hanches et sublimer vos courbes, ce tanga Blush de dentelle est l'essentiel par excellence de votre garde-robe. Sa coupe taille basse et sa dentelle extensible offrent un ajustement flatteur et un confort durable tout au long de la journ\u00e9e. Dot\u00e9 d'un gousset en coton respirant, c'est la pi\u00e8ce fiable et raffin\u00e9e que vous choisirez encore et encore.<\/p>","protected":false},"excerpt":{"rendered":"<p>Designed in Montreal to hug your hips and celebrate your curves, Blush the Lace Thong is the ultimate everyday essential.<\/p>","protected":false},"featured_media":831166,"comment_status":"closed","ping_status":"closed","template":"","meta":[],"product_brand":[423],"product_cat":[363,365],"product_tag":[],"class_list":{"0":"post-831132","1":"product","2":"type-product","3":"status-publish","4":"has-post-thumbnail","6":"product_brand-blush","7":"product_cat-panties-shapewear","8":"product_cat-thong-string-tanga","9":"pa_color-black","10":"pa_color-lavender","11":"pa_color-red","12":"pa_color-soft-pink","13":"pa_color-white","14":"pa_size-l","15":"pa_size-m","16":"pa_size-s","17":"pa_size-xl","18":"pa_size-xs","19":"pa_size-xxl","21":"first","22":"instock","23":"taxable","24":"shipping-taxable","25":"purchasable","26":"product-type-variable","27":"has-default-attributes"},"_links":{"self":[{"href":"https:\/\/www.lingerieunderworld.com\/qc\/wp-json\/wp\/v2\/product\/831132","targetHints":{"allow":["GET"]}}],"collection":[{"href":"https:\/\/www.lingerieunderworld.com\/qc\/wp-json\/wp\/v2\/product"}],"about":[{"href":"https:\/\/www.lingerieunderworld.com\/qc\/wp-json\/wp\/v2\/types\/product"}],"replies":[{"embeddable":true,"href":"https:\/\/www.lingerieunderworld.com\/qc\/wp-json\/wp\/v2\/comments?post=831132"}],"version-history":[{"count":2,"href":"https:\/\/www.lingerieunderworld.com\/qc\/wp-json\/wp\/v2\/product\/831132\/revisions"}],"predecessor-version":[{"id":835051,"href":"https:\/\/www.lingerieunderworld.com\/qc\/wp-json\/wp\/v2\/product\/831132\/revisions\/835051"}],"wp:featuredmedia":[{"embeddable":true,"href":"https:\/\/www.lingerieunderworld.com\/qc\/wp-json\/wp\/v2\/media\/831166"}],"wp:attachment":[{"href":"https:\/\/www.lingerieunderworld.com\/qc\/wp-json\/wp\/v2\/media?parent=831132"}],"wp:term":[{"taxonomy":"product_brand","embeddable":true,"href":"https:\/\/www.lingerieunderworld.com\/qc\/wp-json\/wp\/v2\/product_brand?post=831132"},{"taxonomy":"product_cat","embeddable":true,"href":"https:\/\/www.lingerieunderworld.com\/qc\/wp-json\/wp\/v2\/product_cat?post=831132"},{"taxonomy":"product_tag","embeddable":true,"href":"https:\/\/www.lingerieunderworld.com\/qc\/wp-json\/wp\/v2\/product_tag?post=831132"}],"curies":[{"name":"wp","href":"https:\/\/api.w.org\/{rel}","templated":true}]}}