{"id":833566,"date":"2026-03-24T13:03:44","date_gmt":"2026-03-24T13:03:44","guid":{"rendered":"https:\/\/www.lingerieunderworld.com\/en\/uncategorized\/blush-enchant-garter-belt\/"},"modified":"2026-04-03T16:05:43","modified_gmt":"2026-04-03T16:05:43","slug":"blush-enchant-garter-belt","status":"publish","type":"product","link":"https:\/\/www.lingerieunderworld.com\/qc\/accessories\/garters\/blush-enchant-garter-belt\/","title":{"rendered":"Blush Enchant Porte-Jarretelles"},"content":{"rendered":"<p>Le porte-jarretelles Enchant est la touche finale indispensable pour un look envo\u00fbtant. Con\u00e7u \u00e0 Montr\u00e9al, ce mod\u00e8le en maille d\u00e9licatement brod\u00e9e apporte une texture raffin\u00e9e \u00e0 votre collection de lingerie. Il dispose d'une fermeture par agrafes \u00e0 oeillets au dos ainsi que de quatre jarretelles ajustables pour un maintien sur mesure de vos bas.<\/p>","protected":false},"excerpt":{"rendered":"<p>The Enchant Garter Belt is the ultimate finishing touch to a spellbinding look. Conceived in Montreal, this piece features delicate<\/p>","protected":false},"featured_media":833573,"comment_status":"closed","ping_status":"closed","template":"","meta":[],"product_brand":[423],"product_cat":[20,399,367,368,400,361],"product_tag":[],"class_list":{"0":"post-833566","1":"product","2":"type-product","3":"status-publish","4":"has-post-thumbnail","6":"product_brand-blush","7":"product_cat-accessories","8":"product_cat-garter","9":"product_cat-garter-belts-stockings","10":"product_cat-garter-belts-stockings-seduction","11":"product_cat-garters","12":"product_cat-seduction","13":"pa_color-black","14":"pa_size-l-xl","15":"pa_size-s-m","17":"first","18":"instock","19":"taxable","20":"shipping-taxable","21":"purchasable","22":"product-type-variable","23":"has-default-attributes"},"_links":{"self":[{"href":"https:\/\/www.lingerieunderworld.com\/qc\/wp-json\/wp\/v2\/product\/833566","targetHints":{"allow":["GET"]}}],"collection":[{"href":"https:\/\/www.lingerieunderworld.com\/qc\/wp-json\/wp\/v2\/product"}],"about":[{"href":"https:\/\/www.lingerieunderworld.com\/qc\/wp-json\/wp\/v2\/types\/product"}],"replies":[{"embeddable":true,"href":"https:\/\/www.lingerieunderworld.com\/qc\/wp-json\/wp\/v2\/comments?post=833566"}],"version-history":[{"count":2,"href":"https:\/\/www.lingerieunderworld.com\/qc\/wp-json\/wp\/v2\/product\/833566\/revisions"}],"predecessor-version":[{"id":835049,"href":"https:\/\/www.lingerieunderworld.com\/qc\/wp-json\/wp\/v2\/product\/833566\/revisions\/835049"}],"wp:featuredmedia":[{"embeddable":true,"href":"https:\/\/www.lingerieunderworld.com\/qc\/wp-json\/wp\/v2\/media\/833573"}],"wp:attachment":[{"href":"https:\/\/www.lingerieunderworld.com\/qc\/wp-json\/wp\/v2\/media?parent=833566"}],"wp:term":[{"taxonomy":"product_brand","embeddable":true,"href":"https:\/\/www.lingerieunderworld.com\/qc\/wp-json\/wp\/v2\/product_brand?post=833566"},{"taxonomy":"product_cat","embeddable":true,"href":"https:\/\/www.lingerieunderworld.com\/qc\/wp-json\/wp\/v2\/product_cat?post=833566"},{"taxonomy":"product_tag","embeddable":true,"href":"https:\/\/www.lingerieunderworld.com\/qc\/wp-json\/wp\/v2\/product_tag?post=833566"}],"curies":[{"name":"wp","href":"https:\/\/api.w.org\/{rel}","templated":true}]}}