{"id":833599,"date":"2026-03-24T13:33:08","date_gmt":"2026-03-24T13:33:08","guid":{"rendered":"https:\/\/www.lingerieunderworld.com\/en\/uncategorized\/blush-decepetion-kimono\/"},"modified":"2026-04-03T15:18:08","modified_gmt":"2026-04-03T15:18:08","slug":"blush-decepetion-kimono","status":"publish","type":"product","link":"https:\/\/www.lingerieunderworld.com\/qc\/seduction\/kimono-seduction\/blush-decepetion-kimono\/","title":{"rendered":"Blush Deception Kimono"},"content":{"rendered":"<p>Laissez-vous s\u00e9duire par le kimono Deception, une dentelle de r\u00eave qui offre une touche de luxe et d'audace au quotidien. Con\u00e7u \u00e0 Montr\u00e9al, ce mod\u00e8le \u00e0 la coupe d\u00e9contract\u00e9e privil\u00e9gie une \u00e9l\u00e9gance fluide et un confort absolu. Agr\u00e9ment\u00e9 d'une ceinture en satin soyeuse pour souligner d\u00e9licatement la taille, il marie avec brio une transparence d\u00e9licate et un style moderne. Cette pi\u00e8ce import\u00e9e et raffin\u00e9e est l'atout id\u00e9al pour transformer vos moments de d\u00e9tente en une exp\u00e9rience d'exception.<\/p>","protected":false},"excerpt":{"rendered":"<p>Immerse yourself in pure luxury with the Deception Kimono a piece designed in Montreal and crafted from dreamy, intricate lace<\/p>","protected":false},"featured_media":833613,"comment_status":"closed","ping_status":"closed","template":"","meta":[],"product_brand":[423],"product_cat":[411,412,361],"product_tag":[],"class_list":{"0":"post-833599","1":"product","2":"type-product","3":"status-publish","4":"has-post-thumbnail","6":"product_brand-blush","7":"product_cat-kimono","8":"product_cat-kimono-seduction","9":"product_cat-seduction","10":"pa_color-black","11":"pa_size-l-xxl","12":"pa_size-xs-m","14":"first","15":"instock","16":"taxable","17":"shipping-taxable","18":"purchasable","19":"product-type-variable","20":"has-default-attributes"},"_links":{"self":[{"href":"https:\/\/www.lingerieunderworld.com\/qc\/wp-json\/wp\/v2\/product\/833599","targetHints":{"allow":["GET"]}}],"collection":[{"href":"https:\/\/www.lingerieunderworld.com\/qc\/wp-json\/wp\/v2\/product"}],"about":[{"href":"https:\/\/www.lingerieunderworld.com\/qc\/wp-json\/wp\/v2\/types\/product"}],"replies":[{"embeddable":true,"href":"https:\/\/www.lingerieunderworld.com\/qc\/wp-json\/wp\/v2\/comments?post=833599"}],"version-history":[{"count":2,"href":"https:\/\/www.lingerieunderworld.com\/qc\/wp-json\/wp\/v2\/product\/833599\/revisions"}],"predecessor-version":[{"id":835045,"href":"https:\/\/www.lingerieunderworld.com\/qc\/wp-json\/wp\/v2\/product\/833599\/revisions\/835045"}],"wp:featuredmedia":[{"embeddable":true,"href":"https:\/\/www.lingerieunderworld.com\/qc\/wp-json\/wp\/v2\/media\/833613"}],"wp:attachment":[{"href":"https:\/\/www.lingerieunderworld.com\/qc\/wp-json\/wp\/v2\/media?parent=833599"}],"wp:term":[{"taxonomy":"product_brand","embeddable":true,"href":"https:\/\/www.lingerieunderworld.com\/qc\/wp-json\/wp\/v2\/product_brand?post=833599"},{"taxonomy":"product_cat","embeddable":true,"href":"https:\/\/www.lingerieunderworld.com\/qc\/wp-json\/wp\/v2\/product_cat?post=833599"},{"taxonomy":"product_tag","embeddable":true,"href":"https:\/\/www.lingerieunderworld.com\/qc\/wp-json\/wp\/v2\/product_tag?post=833599"}],"curies":[{"name":"wp","href":"https:\/\/api.w.org\/{rel}","templated":true}]}}