{"id":836508,"date":"2026-04-26T12:42:35","date_gmt":"2026-04-26T12:42:35","guid":{"rendered":"https:\/\/www.lingerieunderworld.com\/en\/uncategorized\/simone-perele-idole-bikini-brief\/"},"modified":"2026-04-26T15:09:57","modified_gmt":"2026-04-26T15:09:57","slug":"simone-perele-idole-bikini-brief","status":"publish","type":"product","link":"https:\/\/www.lingerieunderworld.com\/qc\/panties-shapewear\/briefs-panty\/simone-perele-idole-bikini-brief\/","title":{"rendered":"Simone P\u00e9r\u00e8le Idole Culotte Bikini"},"content":{"rendered":"<p>La culotte Idole propose une alliance raffin\u00e9e de mati\u00e8res avec un devant en tulle \u00e9lastique agr\u00e9ment\u00e9 d'empi\u00e8cements en guipure sur les c\u00f4t\u00e9s. Un d\u00e9tail de lien horizontal et un bijou or ros\u00e9 au centre apportent une touche de modernit\u00e9 luxueuse \u00e0 ce mod\u00e8le. Le dos, tout en broderie, est fini par des festons en guipure qui soulignent d\u00e9licatement vos courbes naturelles. Dot\u00e9e d'une taille soulign\u00e9e par un \u00e9lastique fantaisie et d'un fond en pur coton, cette pi\u00e8ce allie parfaitement une esth\u00e9tique couture \u00e0 un confort quotidien irr\u00e9prochable.<\/p>","protected":false},"excerpt":{"rendered":"<p>The Idole Brief is an elegant combination of sheer textures and refined detailing. The front is crafted from elastic tulle<\/p>","protected":false},"featured_media":836525,"comment_status":"closed","ping_status":"closed","template":"","meta":[],"product_brand":[375],"product_cat":[366,358,363],"product_tag":[],"class_list":{"0":"post-836508","1":"product","2":"type-product","3":"status-publish","4":"has-post-thumbnail","6":"product_brand-simone-perele","7":"product_cat-briefs-panty","8":"product_cat-new-arrivals","9":"product_cat-panties-shapewear","10":"pa_color-black015","11":"pa_size-l","12":"pa_size-m","13":"pa_size-s","14":"pa_size-xl","15":"pa_size-xxl","17":"first","18":"instock","19":"taxable","20":"shipping-taxable","21":"purchasable","22":"product-type-variable","23":"has-default-attributes"},"_links":{"self":[{"href":"https:\/\/www.lingerieunderworld.com\/qc\/wp-json\/wp\/v2\/product\/836508","targetHints":{"allow":["GET"]}}],"collection":[{"href":"https:\/\/www.lingerieunderworld.com\/qc\/wp-json\/wp\/v2\/product"}],"about":[{"href":"https:\/\/www.lingerieunderworld.com\/qc\/wp-json\/wp\/v2\/types\/product"}],"replies":[{"embeddable":true,"href":"https:\/\/www.lingerieunderworld.com\/qc\/wp-json\/wp\/v2\/comments?post=836508"}],"version-history":[{"count":2,"href":"https:\/\/www.lingerieunderworld.com\/qc\/wp-json\/wp\/v2\/product\/836508\/revisions"}],"predecessor-version":[{"id":836526,"href":"https:\/\/www.lingerieunderworld.com\/qc\/wp-json\/wp\/v2\/product\/836508\/revisions\/836526"}],"wp:featuredmedia":[{"embeddable":true,"href":"https:\/\/www.lingerieunderworld.com\/qc\/wp-json\/wp\/v2\/media\/836525"}],"wp:attachment":[{"href":"https:\/\/www.lingerieunderworld.com\/qc\/wp-json\/wp\/v2\/media?parent=836508"}],"wp:term":[{"taxonomy":"product_brand","embeddable":true,"href":"https:\/\/www.lingerieunderworld.com\/qc\/wp-json\/wp\/v2\/product_brand?post=836508"},{"taxonomy":"product_cat","embeddable":true,"href":"https:\/\/www.lingerieunderworld.com\/qc\/wp-json\/wp\/v2\/product_cat?post=836508"},{"taxonomy":"product_tag","embeddable":true,"href":"https:\/\/www.lingerieunderworld.com\/qc\/wp-json\/wp\/v2\/product_tag?post=836508"}],"curies":[{"name":"wp","href":"https:\/\/api.w.org\/{rel}","templated":true}]}}