{"id":836554,"date":"2026-04-26T13:28:55","date_gmt":"2026-04-26T13:28:55","guid":{"rendered":"https:\/\/www.lingerieunderworld.com\/en\/uncategorized\/simone-perele-idole-half-cup-plunge-bra\/"},"modified":"2026-04-26T20:17:46","modified_gmt":"2026-04-26T20:17:46","slug":"simone-perele-idole-half-cup-plunge-bra","status":"publish","type":"product","link":"https:\/\/www.lingerieunderworld.com\/qc\/new-arrivals\/simone-perele-idole-half-cup-plunge-bra\/","title":{"rendered":"Simone P\u00e9r\u00e8le Idole Soutien-Gorge Corbeille Plongeant"},"content":{"rendered":"<p>Le soutien-gorge corbeille plongeant Idole est con\u00e7u pour offrir un effet pigeonnant remarquable et un galbe harmonieux. Ce mod\u00e8le \u00e0 armatures se distingue par ses bonnets int\u00e9grant une demi-mousse lat\u00e9rale qui permet de recentrer et de sculpter la poitrine tout en douceur. Son d\u00e9collet\u00e9 plongeant est magnifiquement soulign\u00e9 par des festons en guipure, tandis que la large basque en tulle brod\u00e9 attire le regard avec un lien horizontal et un bijou or ros\u00e9 raffin\u00e9. Pour assurer un maintien irr\u00e9prochable jusque dans les grandes tailles, le s\u00e9parateur et le dos sont renforc\u00e9s, compl\u00e9t\u00e9s par un agrafage \u00e0 quatre rangs. Dot\u00e9 de bretelles r\u00e9glables au fini textur\u00e9, ce mod\u00e8le marie l'\u00e9l\u00e9gance de la broderie \u00e0 une technicit\u00e9 de pointe.<\/p>","protected":false},"excerpt":{"rendered":"<p>The Idole Half-Cup Plunge Bra is designed to create a stunning, centered silhouette with a natural-looking lift. This underwired style<\/p>","protected":false},"featured_media":836576,"comment_status":"closed","ping_status":"closed","template":"","meta":[],"product_brand":[375],"product_cat":[354,357,358],"product_tag":[433],"class_list":{"0":"post-836554","1":"product","2":"type-product","3":"status-publish","4":"has-post-thumbnail","6":"product_brand-simone-perele","7":"product_cat-bras","8":"product_cat-half-cup-bra","9":"product_cat-new-arrivals","10":"product_tag-pinned","11":"pa_band-size-950","12":"pa_band-size-951","13":"pa_band-size-952","14":"pa_band-size-953","15":"pa_color-black015","16":"pa_cup-size-b","17":"pa_cup-size-c","18":"pa_cup-size-d","20":"first","21":"instock","22":"taxable","23":"shipping-taxable","24":"purchasable","25":"product-type-variable","26":"has-default-attributes"},"_links":{"self":[{"href":"https:\/\/www.lingerieunderworld.com\/qc\/wp-json\/wp\/v2\/product\/836554","targetHints":{"allow":["GET"]}}],"collection":[{"href":"https:\/\/www.lingerieunderworld.com\/qc\/wp-json\/wp\/v2\/product"}],"about":[{"href":"https:\/\/www.lingerieunderworld.com\/qc\/wp-json\/wp\/v2\/types\/product"}],"replies":[{"embeddable":true,"href":"https:\/\/www.lingerieunderworld.com\/qc\/wp-json\/wp\/v2\/comments?post=836554"}],"version-history":[{"count":1,"href":"https:\/\/www.lingerieunderworld.com\/qc\/wp-json\/wp\/v2\/product\/836554\/revisions"}],"predecessor-version":[{"id":836577,"href":"https:\/\/www.lingerieunderworld.com\/qc\/wp-json\/wp\/v2\/product\/836554\/revisions\/836577"}],"wp:featuredmedia":[{"embeddable":true,"href":"https:\/\/www.lingerieunderworld.com\/qc\/wp-json\/wp\/v2\/media\/836576"}],"wp:attachment":[{"href":"https:\/\/www.lingerieunderworld.com\/qc\/wp-json\/wp\/v2\/media?parent=836554"}],"wp:term":[{"taxonomy":"product_brand","embeddable":true,"href":"https:\/\/www.lingerieunderworld.com\/qc\/wp-json\/wp\/v2\/product_brand?post=836554"},{"taxonomy":"product_cat","embeddable":true,"href":"https:\/\/www.lingerieunderworld.com\/qc\/wp-json\/wp\/v2\/product_cat?post=836554"},{"taxonomy":"product_tag","embeddable":true,"href":"https:\/\/www.lingerieunderworld.com\/qc\/wp-json\/wp\/v2\/product_tag?post=836554"}],"curies":[{"name":"wp","href":"https:\/\/api.w.org\/{rel}","templated":true}]}}